{"id":835,"date":"2021-01-17T15:36:23","date_gmt":"2021-01-17T14:36:23","guid":{"rendered":"http:\/\/milvocesvioletas.org\/?page_id=835"},"modified":"2022-01-11T21:10:04","modified_gmt":"2022-01-11T20:10:04","slug":"2021-3","status":"publish","type":"page","link":"https:\/\/milvocesvioletas.org\/index.php\/formacion\/feminismo-para-dummies-3\/2021-3\/","title":{"rendered":"2021"},"content":{"rendered":"<p><a href=\"http:\/\/www.milvocesvioletas.org\/wp-content\/uploads\/2021\/06\/WhatsApp-Image-2021-06-02-at-14.21.07-1.jpeg\"><img loading=\"lazy\" decoding=\"async\" class=\"alignleft wp-image-1128\" title=\"Haz click para ampliar\" src=\"http:\/\/www.milvocesvioletas.org\/wp-content\/uploads\/2021\/06\/WhatsApp-Image-2021-06-02-at-14.21.07-1-300x300.jpeg\" alt=\"\" width=\"275\" height=\"275\" srcset=\"https:\/\/milvocesvioletas.org\/wp-content\/uploads\/2021\/06\/WhatsApp-Image-2021-06-02-at-14.21.07-1-300x300.jpeg 300w, https:\/\/milvocesvioletas.org\/wp-content\/uploads\/2021\/06\/WhatsApp-Image-2021-06-02-at-14.21.07-1-1024x1024.jpeg 1024w, https:\/\/milvocesvioletas.org\/wp-content\/uploads\/2021\/06\/WhatsApp-Image-2021-06-02-at-14.21.07-1-150x150.jpeg 150w, https:\/\/milvocesvioletas.org\/wp-content\/uploads\/2021\/06\/WhatsApp-Image-2021-06-02-at-14.21.07-1-768x768.jpeg 768w, https:\/\/milvocesvioletas.org\/wp-content\/uploads\/2021\/06\/WhatsApp-Image-2021-06-02-at-14.21.07-1-600x600.jpeg 600w, https:\/\/milvocesvioletas.org\/wp-content\/uploads\/2021\/06\/WhatsApp-Image-2021-06-02-at-14.21.07-1-100x100.jpeg 100w, https:\/\/milvocesvioletas.org\/wp-content\/uploads\/2021\/06\/WhatsApp-Image-2021-06-02-at-14.21.07-1.jpeg 1080w\" sizes=\"(max-width: 275px) 100vw, 275px\" \/><\/a><\/p>\n<p>Un a\u00f1o m\u00e1s retomamos nuestro proyecto de formaci\u00f3n <strong>Feminismo para Dummies<\/strong>.<\/p>\n<p>Con el 2021 llegaron algunos cambios al proyecto. Gracias a vuestra participaci\u00f3n y a que es una <strong>actividad subvencionada por el Servicio de Pol\u00edticas de Igualdad del Ayuntamiento de Gij\u00f3n<\/strong> decidimos proponer un taller al mes (eso s\u00ed, quiz\u00e1 os dejamos descansar julio y agosto). Y, debido a la situaci\u00f3n de emergencia sanitaria fueron formaciones de dos horas desde el sof\u00e1 de casa, qui\u00e9n dijo \u00bfcaf\u00e9, manta y feminismo?<\/p>\n<p>Los talleres siguieron siendo gratuitos.<\/p>\n<p>&nbsp;<\/p>\n<p>&nbsp;<\/p>\n<p>El s\u00e1bado 23 de enero de 2021, <strong>Irati Pires Idarreta<\/strong> imparti\u00f3 el taller <strong><em>En b<a href=\"http:\/\/www.milvocesvioletas.org\/wp-content\/uploads\/2021\/06\/WhatsApp-Image-2021-06-02-at-14.21.07-2.jpeg\"><img loading=\"lazy\" decoding=\"async\" class=\"alignright wp-image-1127\" title=\"Haz click para ampliar\" src=\"http:\/\/www.milvocesvioletas.org\/wp-content\/uploads\/2021\/06\/WhatsApp-Image-2021-06-02-at-14.21.07-2-300x300.jpeg\" alt=\"\" width=\"205\" height=\"205\" srcset=\"https:\/\/milvocesvioletas.org\/wp-content\/uploads\/2021\/06\/WhatsApp-Image-2021-06-02-at-14.21.07-2-300x300.jpeg 300w, https:\/\/milvocesvioletas.org\/wp-content\/uploads\/2021\/06\/WhatsApp-Image-2021-06-02-at-14.21.07-2-1024x1024.jpeg 1024w, https:\/\/milvocesvioletas.org\/wp-content\/uploads\/2021\/06\/WhatsApp-Image-2021-06-02-at-14.21.07-2-150x150.jpeg 150w, https:\/\/milvocesvioletas.org\/wp-content\/uploads\/2021\/06\/WhatsApp-Image-2021-06-02-at-14.21.07-2-768x768.jpeg 768w, https:\/\/milvocesvioletas.org\/wp-content\/uploads\/2021\/06\/WhatsApp-Image-2021-06-02-at-14.21.07-2-600x600.jpeg 600w, https:\/\/milvocesvioletas.org\/wp-content\/uploads\/2021\/06\/WhatsApp-Image-2021-06-02-at-14.21.07-2-100x100.jpeg 100w, https:\/\/milvocesvioletas.org\/wp-content\/uploads\/2021\/06\/WhatsApp-Image-2021-06-02-at-14.21.07-2.jpeg 1080w\" sizes=\"(max-width: 205px) 100vw, 205px\" \/><\/a>usca del match: sexo y redes sociales<\/em><\/strong>.<\/p>\n<p>Un taller en el que se debatieron las nuevas formas de relacionarse a trav\u00e9s de internet: Instagram, Tinder y recursos como Onlyfans.<\/p>\n<p>&nbsp;<\/p>\n<p>&nbsp;<\/p>\n<p>&nbsp;<\/p>\n<p><a href=\"http:\/\/www.milvocesvioletas.org\/wp-content\/uploads\/2021\/06\/WhatsApp-Image-2021-06-02-at-14.21.08.jpeg\"><img loading=\"lazy\" decoding=\"async\" class=\"alignleft wp-image-1126\" title=\"Haz click para ampliar\" src=\"http:\/\/www.milvocesvioletas.org\/wp-content\/uploads\/2021\/06\/WhatsApp-Image-2021-06-02-at-14.21.08-300x300.jpeg\" alt=\"\" width=\"212\" height=\"212\" srcset=\"https:\/\/milvocesvioletas.org\/wp-content\/uploads\/2021\/06\/WhatsApp-Image-2021-06-02-at-14.21.08-300x300.jpeg 300w, https:\/\/milvocesvioletas.org\/wp-content\/uploads\/2021\/06\/WhatsApp-Image-2021-06-02-at-14.21.08-1024x1024.jpeg 1024w, https:\/\/milvocesvioletas.org\/wp-content\/uploads\/2021\/06\/WhatsApp-Image-2021-06-02-at-14.21.08-150x150.jpeg 150w, https:\/\/milvocesvioletas.org\/wp-content\/uploads\/2021\/06\/WhatsApp-Image-2021-06-02-at-14.21.08-768x768.jpeg 768w, https:\/\/milvocesvioletas.org\/wp-content\/uploads\/2021\/06\/WhatsApp-Image-2021-06-02-at-14.21.08-600x600.jpeg 600w, https:\/\/milvocesvioletas.org\/wp-content\/uploads\/2021\/06\/WhatsApp-Image-2021-06-02-at-14.21.08-100x100.jpeg 100w, https:\/\/milvocesvioletas.org\/wp-content\/uploads\/2021\/06\/WhatsApp-Image-2021-06-02-at-14.21.08.jpeg 1080w\" sizes=\"(max-width: 212px) 100vw, 212px\" \/><\/a>Nuestra siguiente formaci\u00f3n dentro del proyecto de Feminismo para Dummies fue el 20 de febrero de 2021 de la mano de <strong>Jennifer Meana Fern\u00e1ndez, <\/strong>la cual no acerc\u00f3 la tem\u00e1tica\u00a0de <strong>Mujer y Discapacidad: Sorteando Obst\u00e1culos.<\/strong><\/p>\n<p>En el taller, trabajamos el lenguaje inclusivo; c\u00f3mo est\u00e1 la accesibilidad en Espa\u00f1a y en nuestro entorno y analizamos el mundo de la mujer con discapacidad: datos; dificultades y el acceso a recursos.<\/p>\n<p>&nbsp;<\/p>\n<p>&nbsp;<\/p>\n<p><a href=\"http:\/\/www.milvocesvioletas.org\/wp-content\/uploads\/2021\/06\/WhatsApp-Image-2021-06-02-at-14.21.08-1.jpeg\"><img loading=\"lazy\" decoding=\"async\" class=\"alignright wp-image-1125\" title=\"Haz click para ampliar\" src=\"http:\/\/www.milvocesvioletas.org\/wp-content\/uploads\/2021\/06\/WhatsApp-Image-2021-06-02-at-14.21.08-1-300x300.jpeg\" alt=\"\" width=\"214\" height=\"214\" srcset=\"https:\/\/milvocesvioletas.org\/wp-content\/uploads\/2021\/06\/WhatsApp-Image-2021-06-02-at-14.21.08-1-300x300.jpeg 300w, https:\/\/milvocesvioletas.org\/wp-content\/uploads\/2021\/06\/WhatsApp-Image-2021-06-02-at-14.21.08-1-1024x1024.jpeg 1024w, https:\/\/milvocesvioletas.org\/wp-content\/uploads\/2021\/06\/WhatsApp-Image-2021-06-02-at-14.21.08-1-150x150.jpeg 150w, https:\/\/milvocesvioletas.org\/wp-content\/uploads\/2021\/06\/WhatsApp-Image-2021-06-02-at-14.21.08-1-768x768.jpeg 768w, https:\/\/milvocesvioletas.org\/wp-content\/uploads\/2021\/06\/WhatsApp-Image-2021-06-02-at-14.21.08-1-600x600.jpeg 600w, https:\/\/milvocesvioletas.org\/wp-content\/uploads\/2021\/06\/WhatsApp-Image-2021-06-02-at-14.21.08-1-100x100.jpeg 100w, https:\/\/milvocesvioletas.org\/wp-content\/uploads\/2021\/06\/WhatsApp-Image-2021-06-02-at-14.21.08-1.jpeg 1080w\" sizes=\"(max-width: 214px) 100vw, 214px\" \/><\/a>El<strong> 24 de Abril<\/strong> organizamos el taller <em><strong>C\u00e1nones de Belleza en el cine<\/strong><\/em>, impartida de manera online a trav\u00e9s de nuestra plataforma, por una de nuestras socias y actual miembro de la junta directiva: Paloma Navarro Coelho.<\/p>\n<p>Si quieres estar al d\u00eda en temas de mujer y feminismo, no dudes en apuntarte a nuestra siguiente formaci\u00f3n.<\/p>\n<p>&nbsp;<\/p>\n<p>&nbsp;<\/p>\n<p>&nbsp;<\/p>\n<p><a href=\"http:\/\/www.milvocesvioletas.org\/wp-content\/uploads\/2021\/06\/WhatsApp-Image-2021-06-02-at-14.21.08-2.jpeg\"><img loading=\"lazy\" decoding=\"async\" class=\"alignleft wp-image-1124\" title=\"Haz click para ampliar\" src=\"http:\/\/www.milvocesvioletas.org\/wp-content\/uploads\/2021\/06\/WhatsApp-Image-2021-06-02-at-14.21.08-2-300x300.jpeg\" alt=\"\" width=\"211\" height=\"211\" srcset=\"https:\/\/milvocesvioletas.org\/wp-content\/uploads\/2021\/06\/WhatsApp-Image-2021-06-02-at-14.21.08-2-300x300.jpeg 300w, https:\/\/milvocesvioletas.org\/wp-content\/uploads\/2021\/06\/WhatsApp-Image-2021-06-02-at-14.21.08-2-1024x1024.jpeg 1024w, https:\/\/milvocesvioletas.org\/wp-content\/uploads\/2021\/06\/WhatsApp-Image-2021-06-02-at-14.21.08-2-150x150.jpeg 150w, https:\/\/milvocesvioletas.org\/wp-content\/uploads\/2021\/06\/WhatsApp-Image-2021-06-02-at-14.21.08-2-768x768.jpeg 768w, https:\/\/milvocesvioletas.org\/wp-content\/uploads\/2021\/06\/WhatsApp-Image-2021-06-02-at-14.21.08-2-600x600.jpeg 600w, https:\/\/milvocesvioletas.org\/wp-content\/uploads\/2021\/06\/WhatsApp-Image-2021-06-02-at-14.21.08-2-100x100.jpeg 100w, https:\/\/milvocesvioletas.org\/wp-content\/uploads\/2021\/06\/WhatsApp-Image-2021-06-02-at-14.21.08-2.jpeg 1080w\" sizes=\"(max-width: 211px) 100vw, 211px\" \/><\/a><\/p>\n<p>El 22 de Mayo tuvo lugar nuestro taller de \u00abCultura Gitana y Feminismo\u00bb de la mano de Fundaci\u00f3n Secretariado Gitano.<\/p>\n<p>Tuvimos oportunidad de hablar de los estereotipos con los que normalmente se mira a la cultura gitana y de c\u00f3mo la sociedad todav\u00eda enmarca a las personas gitanas y sobre todo, a la mujer gitana en dicha cultura. A la par, desde la fundaci\u00f3n nos presentaron varios referentes femeninos en la cultura gitana que desconoc\u00edamos y desde aqu\u00ed os animamos a buscar, \u00a1os sorprender\u00e1!<\/p>\n<p>&nbsp;<\/p>\n<p><a href=\"http:\/\/www.milvocesvioletas.org\/wp-content\/uploads\/2021\/06\/WhatsApp-Image-2021-06-02-at-14.21.07.jpeg\"><img loading=\"lazy\" decoding=\"async\" class=\"alignright wp-image-1129\" title=\"Haz click para ampliar\" src=\"http:\/\/www.milvocesvioletas.org\/wp-content\/uploads\/2021\/06\/WhatsApp-Image-2021-06-02-at-14.21.07-300x300.jpeg\" alt=\"\" width=\"209\" height=\"209\" srcset=\"https:\/\/milvocesvioletas.org\/wp-content\/uploads\/2021\/06\/WhatsApp-Image-2021-06-02-at-14.21.07-300x300.jpeg 300w, https:\/\/milvocesvioletas.org\/wp-content\/uploads\/2021\/06\/WhatsApp-Image-2021-06-02-at-14.21.07-1024x1024.jpeg 1024w, https:\/\/milvocesvioletas.org\/wp-content\/uploads\/2021\/06\/WhatsApp-Image-2021-06-02-at-14.21.07-150x150.jpeg 150w, https:\/\/milvocesvioletas.org\/wp-content\/uploads\/2021\/06\/WhatsApp-Image-2021-06-02-at-14.21.07-768x768.jpeg 768w, https:\/\/milvocesvioletas.org\/wp-content\/uploads\/2021\/06\/WhatsApp-Image-2021-06-02-at-14.21.07-600x600.jpeg 600w, https:\/\/milvocesvioletas.org\/wp-content\/uploads\/2021\/06\/WhatsApp-Image-2021-06-02-at-14.21.07-100x100.jpeg 100w, https:\/\/milvocesvioletas.org\/wp-content\/uploads\/2021\/06\/WhatsApp-Image-2021-06-02-at-14.21.07.jpeg 1080w\" sizes=\"(max-width: 209px) 100vw, 209px\" \/><\/a><\/p>\n<p>&nbsp;<\/p>\n<p>El s\u00e1bado 12 de junio para terminar el verano, organizamos la sesi\u00f3n \u00abMujer, actriz y personaje\u00bb donde <strong>Carla Loga<\/strong>, actriz asturiana, bailarina y cantante nos habl\u00f3 de la carrera de actriz y de lo dificil de la profesi\u00f3n. Las escenas m\u00e1s duras y c\u00f3mo enfrentarse a ellas.<\/p>\n<p>&nbsp;<\/p>\n<p>&nbsp;<\/p>\n<p><a href=\"http:\/\/www.www.milvocesvioletas.org\/wp-content\/uploads\/2021\/09\/Que-y-como-opera-el-patriarcado-islamico.jpeg\"><img loading=\"lazy\" decoding=\"async\" class=\"wp-image-1143 alignleft\" title=\"Haz click para ampliar\" src=\"http:\/\/www.www.milvocesvioletas.org\/wp-content\/uploads\/2021\/09\/Que-y-como-opera-el-patriarcado-islamico-300x300.jpeg\" alt=\"\" width=\"195\" height=\"195\" srcset=\"https:\/\/milvocesvioletas.org\/wp-content\/uploads\/2021\/09\/Que-y-como-opera-el-patriarcado-islamico-300x300.jpeg 300w, https:\/\/milvocesvioletas.org\/wp-content\/uploads\/2021\/09\/Que-y-como-opera-el-patriarcado-islamico-1024x1024.jpeg 1024w, https:\/\/milvocesvioletas.org\/wp-content\/uploads\/2021\/09\/Que-y-como-opera-el-patriarcado-islamico-150x150.jpeg 150w, https:\/\/milvocesvioletas.org\/wp-content\/uploads\/2021\/09\/Que-y-como-opera-el-patriarcado-islamico-768x768.jpeg 768w, https:\/\/milvocesvioletas.org\/wp-content\/uploads\/2021\/09\/Que-y-como-opera-el-patriarcado-islamico-600x600.jpeg 600w, https:\/\/milvocesvioletas.org\/wp-content\/uploads\/2021\/09\/Que-y-como-opera-el-patriarcado-islamico-100x100.jpeg 100w, https:\/\/milvocesvioletas.org\/wp-content\/uploads\/2021\/09\/Que-y-como-opera-el-patriarcado-islamico.jpeg 1080w\" sizes=\"(max-width: 195px) 100vw, 195px\" \/><\/a>Con el fin del verano retomamos las formaciones online con nuestro proyecto de #FeminismoParaDummies, el pasado <strong>18 de septiembre<\/strong> (de 10:00 a 12:00h) <strong>N\u00e1sara Iahdih (<a href=\"https:\/\/www.instagram.com\/sahrawifeminist\/?hl=es\"><span style=\"color: #000000;\">@sahrawifeminist<\/span><\/a>)<\/strong>, activista contra el patriarcado isl\u00e1mico y la colonizaci\u00f3n, nos habl\u00f3 de <strong>\u00bfQu\u00e9 y c\u00f3mo opera el patriarcado isl\u00e1mico?\u00a0<\/strong>donde pudimos hablar abiertamente sobre lo que sufre la mujer en el mundo islam, las imposiciones de la cultura y la religi\u00f3n.<\/p>\n<p>&nbsp;<\/p>\n<p>&nbsp;<\/p>\n<p><a href=\"http:\/\/www.www.milvocesvioletas.org\/wp-content\/uploads\/2021\/11\/Que-cono-me-cuentas.jpeg\"><img loading=\"lazy\" decoding=\"async\" class=\"wp-image-1155  alignright\" title=\"Haz click para ampliar\" src=\"http:\/\/www.www.milvocesvioletas.org\/wp-content\/uploads\/2021\/11\/Que-cono-me-cuentas-300x300.jpeg\" alt=\"\" width=\"220\" height=\"219\" srcset=\"https:\/\/milvocesvioletas.org\/wp-content\/uploads\/2021\/11\/Que-cono-me-cuentas-300x300.jpeg 300w, https:\/\/milvocesvioletas.org\/wp-content\/uploads\/2021\/11\/Que-cono-me-cuentas-1024x1024.jpeg 1024w, https:\/\/milvocesvioletas.org\/wp-content\/uploads\/2021\/11\/Que-cono-me-cuentas-150x150.jpeg 150w, https:\/\/milvocesvioletas.org\/wp-content\/uploads\/2021\/11\/Que-cono-me-cuentas-768x768.jpeg 768w, https:\/\/milvocesvioletas.org\/wp-content\/uploads\/2021\/11\/Que-cono-me-cuentas-600x600.jpeg 600w, https:\/\/milvocesvioletas.org\/wp-content\/uploads\/2021\/11\/Que-cono-me-cuentas-100x100.jpeg 100w, https:\/\/milvocesvioletas.org\/wp-content\/uploads\/2021\/11\/Que-cono-me-cuentas.jpeg 1080w\" sizes=\"(max-width: 220px) 100vw, 220px\" \/><\/a><\/p>\n<p>&nbsp;<\/p>\n<p>El <strong>11 de diciembre <\/strong>(de 11:00 a 14:00)\u00a0para cerrar el a\u00f1o del proyecto Feminismo para Dummies, celebramos la sesi\u00f3n <strong>\u00ab\u00bfQu\u00e9 co\u00f1o me cuentas? La sexualidad femenina de la que nunca hablamos<\/strong>\u00bb con <strong>Irati Pires y Romina San Miguel<\/strong>. En este taller pudimos hablar abiertamente de la sexualidad, de los genitales femeninos, etc. de forma l\u00fadica y din\u00e1mica.<\/p>\n<p>&nbsp;<\/p>\n<p>Para cualquier duda y futuro talleres no dudes en ponerte en contacto en el siguiente correo: <em><strong><span style=\"color: #800080;\"><a style=\"color: #800080;\" href=\"mailto:coordinacion@milvocesvioletas.org\">coordinacion@milvocesvioletas.org<\/a><\/span><\/strong><\/em><\/p>\n","protected":false},"excerpt":{"rendered":"<p>Un a\u00f1o m\u00e1s retomamos nuestro proyecto de formaci\u00f3n Feminismo para Dummies. Con el 2021 llegaron algunos cambios al proyecto. Gracias a vuestra participaci\u00f3n y a que es una actividad subvencionada por el Servicio de Pol\u00edticas de Igualdad del Ayuntamiento de Gij\u00f3n decidimos proponer un taller al mes (eso s\u00ed, quiz\u00e1 os dejamos descansar julio y<\/p>\n","protected":false},"author":1,"featured_media":0,"parent":714,"menu_order":0,"comment_status":"closed","ping_status":"closed","template":"fullwidth.php","meta":{"footnotes":""},"_links":{"self":[{"href":"https:\/\/milvocesvioletas.org\/index.php\/wp-json\/wp\/v2\/pages\/835"}],"collection":[{"href":"https:\/\/milvocesvioletas.org\/index.php\/wp-json\/wp\/v2\/pages"}],"about":[{"href":"https:\/\/milvocesvioletas.org\/index.php\/wp-json\/wp\/v2\/types\/page"}],"author":[{"embeddable":true,"href":"https:\/\/milvocesvioletas.org\/index.php\/wp-json\/wp\/v2\/users\/1"}],"replies":[{"embeddable":true,"href":"https:\/\/milvocesvioletas.org\/index.php\/wp-json\/wp\/v2\/comments?post=835"}],"version-history":[{"count":37,"href":"https:\/\/milvocesvioletas.org\/index.php\/wp-json\/wp\/v2\/pages\/835\/revisions"}],"predecessor-version":[{"id":1189,"href":"https:\/\/milvocesvioletas.org\/index.php\/wp-json\/wp\/v2\/pages\/835\/revisions\/1189"}],"up":[{"embeddable":true,"href":"https:\/\/milvocesvioletas.org\/index.php\/wp-json\/wp\/v2\/pages\/714"}],"wp:attachment":[{"href":"https:\/\/milvocesvioletas.org\/index.php\/wp-json\/wp\/v2\/media?parent=835"}],"curies":[{"name":"wp","href":"https:\/\/api.w.org\/{rel}","templated":true}]}}