{"id":757,"date":"2020-11-21T12:09:46","date_gmt":"2020-11-21T11:09:46","guid":{"rendered":"http:\/\/milvocesvioletas.org\/?page_id=757"},"modified":"2020-11-21T13:17:07","modified_gmt":"2020-11-21T12:17:07","slug":"punto-lila-gijon","status":"publish","type":"page","link":"https:\/\/milvocesvioletas.org\/index.php\/proyectos\/punto-lila-gijon\/","title":{"rendered":"Punto Lila de Gij\u00f3n"},"content":{"rendered":"<p><a href=\"http:\/\/www.milvocesvioletas.org\/wp-content\/uploads\/2020\/11\/plg.jpg\"><img loading=\"lazy\" decoding=\"async\" class=\"alignleft wp-image-775 size-medium\" title=\"Haz click para ampliar\" src=\"http:\/\/www.milvocesvioletas.org\/wp-content\/uploads\/2020\/11\/plg-142x300.jpg\" alt=\"\" width=\"142\" height=\"300\" srcset=\"https:\/\/milvocesvioletas.org\/wp-content\/uploads\/2020\/11\/plg-142x300.jpg 142w, https:\/\/milvocesvioletas.org\/wp-content\/uploads\/2020\/11\/plg-485x1024.jpg 485w, https:\/\/milvocesvioletas.org\/wp-content\/uploads\/2020\/11\/plg-600x1268.jpg 600w, https:\/\/milvocesvioletas.org\/wp-content\/uploads\/2020\/11\/plg.jpg 707w\" sizes=\"(max-width: 142px) 100vw, 142px\" \/><\/a>La iniciativa <strong><em>Espacios Libres de Agresiones Sexistas en Contextos de Ocio Nocturno: Punto Lila Gij\u00f3n<\/em><\/strong> ha sido concebida y configurada en el marco de la campa\u00f1a <em>Gij\u00f3n libre de agresiones sexistas<\/em> establecida en la ciudad. Este proyecto se lleva a cabo bajo la autor\u00eda de la <em>Direcci\u00f3n General de Igualdad entre Mujeres y Hombres del Ayuntamiento de Gij\u00f3n<\/em> y ha sido ejecutado por la <em>Asociaci\u00f3n Mil Voces Violetas <\/em>durante la campa\u00f1a de verano 2020.<\/p>\n<p>\u00c9ste, ha sido un verano at\u00edpico debido a la crisis sanitaria que estamos sufriendo. Debido a esta situaci\u00f3n de excepcionalidad, durante los tres meses que ha durado el proyecto las t\u00e9cnicas, Irati Pires y Leyre Vald\u00e9s, se han visto obligadas a modificar tanto los horarios de intervenci\u00f3n de calle como la metodolog\u00eda llevada a cabo debido a las recomendaciones y obligaciones interpuestas por el <em>Ministerio de Sanidad.<\/em><\/p>\n<p>A pesar de todo ello, las t\u00e9cnicas del <em>Punto Lila de <\/em>Gij\u00f3n han realizado diversas intervenciones en los espacios de ocios de la ciudad bajo el lema #SalimosContigo. Se realizaron tambi\u00e9n talleres de <em>Prevenci\u00f3n y Sensibilizaci\u00f3n de la Violencia Sexual<\/em> con colectivos diversos como XEGA; Abierto hasta el Amanecer; Mar de Niebla; Grupo de Salud e Igualdad del Conseyu de Moced\u00e1 de Xix\u00f3n; etc.<\/p>\n<p><img loading=\"lazy\" decoding=\"async\" class=\"alignnone wp-image-772 alignleft\" src=\"http:\/\/www.milvocesvioletas.org\/wp-content\/uploads\/2020\/11\/WhatsApp-Image-2020-11-20-at-21.12.40-1-1024x787.jpeg\" alt=\"\" width=\"279\" height=\"214\" srcset=\"https:\/\/milvocesvioletas.org\/wp-content\/uploads\/2020\/11\/WhatsApp-Image-2020-11-20-at-21.12.40-1-1024x787.jpeg 1024w, https:\/\/milvocesvioletas.org\/wp-content\/uploads\/2020\/11\/WhatsApp-Image-2020-11-20-at-21.12.40-1-300x231.jpeg 300w, https:\/\/milvocesvioletas.org\/wp-content\/uploads\/2020\/11\/WhatsApp-Image-2020-11-20-at-21.12.40-1-768x590.jpeg 768w, https:\/\/milvocesvioletas.org\/wp-content\/uploads\/2020\/11\/WhatsApp-Image-2020-11-20-at-21.12.40-1-600x461.jpeg 600w, https:\/\/milvocesvioletas.org\/wp-content\/uploads\/2020\/11\/WhatsApp-Image-2020-11-20-at-21.12.40-1.jpeg 1080w\" sizes=\"(max-width: 279px) 100vw, 279px\" \/> \u00a0 <img loading=\"lazy\" decoding=\"async\" class=\"alignnone wp-image-773 alignleft\" src=\"http:\/\/www.milvocesvioletas.org\/wp-content\/uploads\/2020\/11\/WhatsApp-Image-2020-11-20-at-21.12.40-1024x762.jpeg\" alt=\"\" width=\"284\" height=\"212\" srcset=\"https:\/\/milvocesvioletas.org\/wp-content\/uploads\/2020\/11\/WhatsApp-Image-2020-11-20-at-21.12.40-1024x762.jpeg 1024w, https:\/\/milvocesvioletas.org\/wp-content\/uploads\/2020\/11\/WhatsApp-Image-2020-11-20-at-21.12.40-300x223.jpeg 300w, https:\/\/milvocesvioletas.org\/wp-content\/uploads\/2020\/11\/WhatsApp-Image-2020-11-20-at-21.12.40-768x572.jpeg 768w, https:\/\/milvocesvioletas.org\/wp-content\/uploads\/2020\/11\/WhatsApp-Image-2020-11-20-at-21.12.40-600x447.jpeg 600w, https:\/\/milvocesvioletas.org\/wp-content\/uploads\/2020\/11\/WhatsApp-Image-2020-11-20-at-21.12.40.jpeg 1080w\" sizes=\"(max-width: 284px) 100vw, 284px\" \/><\/p>\n<p>&nbsp;<\/p>\n<p>&nbsp;<\/p>\n<p>&nbsp;<\/p>\n<p>&nbsp;<\/p>\n<p>Adem\u00e1s, hicieron una gran labor gestionando el Instagram de @PuntoLilaGij\u00f3n donde tuvieron oportunidad de relacionarse con personas j\u00f3venes con dudas e inquietudes sobre el feminismo, la violencia ejercida sobre el cuerpo de las mujeres o la actuaci\u00f3n ante diferentes situaciones de acoso, abuso o agresi\u00f3n.<\/p>\n<p><a href=\"http:\/\/www.milvocesvioletas.org\/wp-content\/uploads\/2020\/11\/puntolila-gijon.jpg\"><img loading=\"lazy\" decoding=\"async\" class=\"aligncenter wp-image-774 size-medium\" title=\"Haz click para ampliar\" src=\"http:\/\/www.milvocesvioletas.org\/wp-content\/uploads\/2020\/11\/puntolila-gijon-138x300.jpg\" alt=\"\" width=\"138\" height=\"300\" srcset=\"https:\/\/milvocesvioletas.org\/wp-content\/uploads\/2020\/11\/puntolila-gijon-138x300.jpg 138w, https:\/\/milvocesvioletas.org\/wp-content\/uploads\/2020\/11\/puntolila-gijon-473x1024.jpg 473w, https:\/\/milvocesvioletas.org\/wp-content\/uploads\/2020\/11\/puntolila-gijon-768x1664.jpg 768w, https:\/\/milvocesvioletas.org\/wp-content\/uploads\/2020\/11\/puntolila-gijon-709x1536.jpg 709w, https:\/\/milvocesvioletas.org\/wp-content\/uploads\/2020\/11\/puntolila-gijon-600x1300.jpg 600w, https:\/\/milvocesvioletas.org\/wp-content\/uploads\/2020\/11\/puntolila-gijon.jpg 945w\" sizes=\"(max-width: 138px) 100vw, 138px\" \/><\/a><\/p>\n","protected":false},"excerpt":{"rendered":"<p>La iniciativa Espacios Libres de Agresiones Sexistas en Contextos de Ocio Nocturno: Punto Lila Gij\u00f3n ha sido concebida y configurada en el marco de la campa\u00f1a Gij\u00f3n libre de agresiones sexistas establecida en la ciudad. Este proyecto se lleva a cabo bajo la autor\u00eda de la Direcci\u00f3n General de Igualdad entre Mujeres y Hombres del<\/p>\n","protected":false},"author":1,"featured_media":0,"parent":753,"menu_order":0,"comment_status":"closed","ping_status":"closed","template":"fullwidth.php","meta":{"footnotes":""},"_links":{"self":[{"href":"https:\/\/milvocesvioletas.org\/index.php\/wp-json\/wp\/v2\/pages\/757"}],"collection":[{"href":"https:\/\/milvocesvioletas.org\/index.php\/wp-json\/wp\/v2\/pages"}],"about":[{"href":"https:\/\/milvocesvioletas.org\/index.php\/wp-json\/wp\/v2\/types\/page"}],"author":[{"embeddable":true,"href":"https:\/\/milvocesvioletas.org\/index.php\/wp-json\/wp\/v2\/users\/1"}],"replies":[{"embeddable":true,"href":"https:\/\/milvocesvioletas.org\/index.php\/wp-json\/wp\/v2\/comments?post=757"}],"version-history":[{"count":3,"href":"https:\/\/milvocesvioletas.org\/index.php\/wp-json\/wp\/v2\/pages\/757\/revisions"}],"predecessor-version":[{"id":776,"href":"https:\/\/milvocesvioletas.org\/index.php\/wp-json\/wp\/v2\/pages\/757\/revisions\/776"}],"up":[{"embeddable":true,"href":"https:\/\/milvocesvioletas.org\/index.php\/wp-json\/wp\/v2\/pages\/753"}],"wp:attachment":[{"href":"https:\/\/milvocesvioletas.org\/index.php\/wp-json\/wp\/v2\/media?parent=757"}],"curies":[{"name":"wp","href":"https:\/\/api.w.org\/{rel}","templated":true}]}}