{"id":755,"date":"2020-11-21T12:07:38","date_gmt":"2020-11-21T11:07:38","guid":{"rendered":"http:\/\/milvocesvioletas.org\/?page_id=755"},"modified":"2020-11-28T10:27:40","modified_gmt":"2020-11-28T09:27:40","slug":"femninismo-de-la-calle-a-la-nube","status":"publish","type":"page","link":"https:\/\/milvocesvioletas.org\/index.php\/proyectos\/femninismo-de-la-calle-a-la-nube\/","title":{"rendered":"Feminismo: de la calle a la nube"},"content":{"rendered":"<p><a href=\"http:\/\/www.milvocesvioletas.org\/wp-content\/uploads\/2020\/11\/cartel-proyecto.jpg\"><img loading=\"lazy\" decoding=\"async\" class=\"alignleft wp-image-766 size-medium\" title=\"Haz click para ampliar\" src=\"http:\/\/www.milvocesvioletas.org\/wp-content\/uploads\/2020\/11\/cartel-proyecto-212x300.jpg\" alt=\"Haz click para ampliar\" width=\"212\" height=\"300\" srcset=\"https:\/\/milvocesvioletas.org\/wp-content\/uploads\/2020\/11\/cartel-proyecto-212x300.jpg 212w, https:\/\/milvocesvioletas.org\/wp-content\/uploads\/2020\/11\/cartel-proyecto-724x1024.jpg 724w, https:\/\/milvocesvioletas.org\/wp-content\/uploads\/2020\/11\/cartel-proyecto-768x1086.jpg 768w, https:\/\/milvocesvioletas.org\/wp-content\/uploads\/2020\/11\/cartel-proyecto-1086x1536.jpg 1086w, https:\/\/milvocesvioletas.org\/wp-content\/uploads\/2020\/11\/cartel-proyecto-1448x2048.jpg 1448w, https:\/\/milvocesvioletas.org\/wp-content\/uploads\/2020\/11\/cartel-proyecto-600x849.jpg 600w, https:\/\/milvocesvioletas.org\/wp-content\/uploads\/2020\/11\/cartel-proyecto.jpg 1587w\" sizes=\"(max-width: 212px) 100vw, 212px\" \/><\/a>\u00a0Proyecto financiado por el Servicio de Pol\u00edticas de Igualdad del Ayuntamiento de Gij\u00f3n que a\u00fana varias actividades relacionadas con la importancia de la perspectiva de g\u00e9nero en diferentes \u00e1mbitos.<\/p>\n<p>Este proyecto, subvencionado por el <em>Servicio de Pol\u00edticas de Igualdad del Ayuntamiento de Gij\u00f3n<\/em>, tiene un objetivo general que es generar y transmitir conocimiento feminista de manera online y offline.<\/p>\n<p>El feminismo es un movimiento que nace de la calle, de la lucha y la reivindicaci\u00f3n de las mujeres frente a un estado opresor, aunque con la llegada de internet hemos visto como todo eso se trasladaba a las redes sociales, aunando cientos de voces por todo el mundo. Por ello, hemos querido lanzar un proyecto en el que hablemos de urbanismo feminista y de c\u00f3mo las ciudades se construyen con una perspectiva de g\u00e9nero, pero tambi\u00e9n hemos querido hablar del seguimiento de las mujeres relevantes para nuestra localidad a trav\u00e9s de las redes sociales y los medios de comunicaci\u00f3n.<\/p>\n<p>El proyecto da comienzo el d\u00eda 20 de octubre con el lanzamiento del concurso <strong>Hedy Lamarr, #CreamosElMundo<\/strong><\/p>\n<p><a href=\"http:\/\/www.milvocesvioletas.org\/wp-content\/uploads\/2020\/11\/concurso-Hedy-Lamarr.jpg\"><img loading=\"lazy\" decoding=\"async\" class=\"aligncenter wp-image-767 size-medium\" title=\"Haz Click para ampliar\" src=\"http:\/\/www.milvocesvioletas.org\/wp-content\/uploads\/2020\/11\/concurso-Hedy-Lamarr-212x300.jpg\" alt=\"\" width=\"212\" height=\"300\" srcset=\"https:\/\/milvocesvioletas.org\/wp-content\/uploads\/2020\/11\/concurso-Hedy-Lamarr-212x300.jpg 212w, https:\/\/milvocesvioletas.org\/wp-content\/uploads\/2020\/11\/concurso-Hedy-Lamarr-724x1024.jpg 724w, https:\/\/milvocesvioletas.org\/wp-content\/uploads\/2020\/11\/concurso-Hedy-Lamarr-768x1086.jpg 768w, https:\/\/milvocesvioletas.org\/wp-content\/uploads\/2020\/11\/concurso-Hedy-Lamarr-1086x1536.jpg 1086w, https:\/\/milvocesvioletas.org\/wp-content\/uploads\/2020\/11\/concurso-Hedy-Lamarr-1448x2048.jpg 1448w, https:\/\/milvocesvioletas.org\/wp-content\/uploads\/2020\/11\/concurso-Hedy-Lamarr-600x849.jpg 600w, https:\/\/milvocesvioletas.org\/wp-content\/uploads\/2020\/11\/concurso-Hedy-Lamarr.jpg 1587w\" sizes=\"(max-width: 212px) 100vw, 212px\" \/><\/a><\/p>\n<p style=\"text-align: left;\">Hedy Lamarr no solo fue actriz en Hollywood, sino que tambi\u00e9n es la precursora del sistema WiFi, cre\u00f3 un sistema de gu\u00eda de torpedos por medio de salto de frecuencia para las fuerzas aliadas durante la segunda guerra mundial. Creemos que Lamarr es el nexo de uni\u00f3n entre el feminismo que se trabaja a pie de calle y el que trasladamos gracias a las nuevas tecnolog\u00edas. El concurso finalizar\u00e1 el 20 de noviembre con el cinef\u00f3rum en el que se reproducir\u00e1 <em>Bombshell: la historia ded vida de Hedy Lamarr.<\/em><\/p>\n<p>\u00a0 \u00a0 <a href=\"http:\/\/www.milvocesvioletas.org\/wp-content\/uploads\/2020\/11\/Cineforum-20-nov.jpeg\">\u00a0 \u00a0 \u00a0 \u00a0 \u00a0 \u00a0<\/a>\u00a0 \u00a0 \u00a0 \u00a0 \u00a0 \u00a0 \u00a0 \u00a0 \u00a0 \u00a0 \u00a0 \u00a0 \u00a0 \u00a0 \u00a0 \u00a0 \u00a0 \u00a0 \u00a0 \u00a0 \u00a0 \u00a0 \u00a0 \u00a0 \u00a0 \u00a0 \u00a0 \u00a0 \u00a0 \u00a0 \u00a0 \u00a0 \u00a0 \u00a0 \u00a0 \u00a0 \u00a0 \u00a0 \u00a0 <a href=\"http:\/\/www.milvocesvioletas.org\/wp-content\/uploads\/2020\/11\/Cineforum-20-nov.jpeg\"><img loading=\"lazy\" decoding=\"async\" class=\"alignnone wp-image-765 size-medium\" title=\"Haz click para ampliar\" src=\"http:\/\/www.milvocesvioletas.org\/wp-content\/uploads\/2020\/11\/Cineforum-20-nov-169x300.jpeg\" alt=\"\" width=\"169\" height=\"300\" srcset=\"https:\/\/milvocesvioletas.org\/wp-content\/uploads\/2020\/11\/Cineforum-20-nov-169x300.jpeg 169w, https:\/\/milvocesvioletas.org\/wp-content\/uploads\/2020\/11\/Cineforum-20-nov-576x1024.jpeg 576w, https:\/\/milvocesvioletas.org\/wp-content\/uploads\/2020\/11\/Cineforum-20-nov-768x1365.jpeg 768w, https:\/\/milvocesvioletas.org\/wp-content\/uploads\/2020\/11\/Cineforum-20-nov-864x1536.jpeg 864w, https:\/\/milvocesvioletas.org\/wp-content\/uploads\/2020\/11\/Cineforum-20-nov-600x1067.jpeg 600w, https:\/\/milvocesvioletas.org\/wp-content\/uploads\/2020\/11\/Cineforum-20-nov.jpeg 900w\" sizes=\"(max-width: 169px) 100vw, 169px\" \/> \u00a0<\/a><a href=\"http:\/\/www.milvocesvioletas.org\/wp-content\/uploads\/2020\/11\/sorteo-en-directo-20-nov.jpg\"><img loading=\"lazy\" decoding=\"async\" class=\"alignnone wp-image-764 size-medium\" title=\"Haz click para ampliar\" src=\"http:\/\/www.milvocesvioletas.org\/wp-content\/uploads\/2020\/11\/sorteo-en-directo-20-nov-169x300.jpg\" alt=\"\" width=\"169\" height=\"300\" srcset=\"https:\/\/milvocesvioletas.org\/wp-content\/uploads\/2020\/11\/sorteo-en-directo-20-nov-169x300.jpg 169w, https:\/\/milvocesvioletas.org\/wp-content\/uploads\/2020\/11\/sorteo-en-directo-20-nov-576x1024.jpg 576w, https:\/\/milvocesvioletas.org\/wp-content\/uploads\/2020\/11\/sorteo-en-directo-20-nov-768x1365.jpg 768w, https:\/\/milvocesvioletas.org\/wp-content\/uploads\/2020\/11\/sorteo-en-directo-20-nov-864x1536.jpg 864w, https:\/\/milvocesvioletas.org\/wp-content\/uploads\/2020\/11\/sorteo-en-directo-20-nov-600x1067.jpg 600w, https:\/\/milvocesvioletas.org\/wp-content\/uploads\/2020\/11\/sorteo-en-directo-20-nov.jpg 1080w\" sizes=\"(max-width: 169px) 100vw, 169px\" \/><\/a><\/p>\n<p>Adem\u00e1s, realizamos varios talleres con personas expertas en comunicaci\u00f3n, y con gran incidencia en las redes sociales. Estos talleres tendr\u00e1n lugar los d\u00edas 13 y 27 de noviembre y podr\u00e1s apuntarte envi\u00e1ndonos un email a: <a href=\"mailto:milvocesvioletas@gmail.com\">milvocesvioletas@gmail.com<\/a><\/p>\n<p><a href=\"http:\/\/www.milvocesvioletas.org\/wp-content\/uploads\/2020\/11\/taller-redes-sociales-mujeres-en-la-nube-13-nov.jpg\">\u00a0 \u00a0 <\/a><a href=\"http:\/\/www.milvocesvioletas.org\/wp-content\/uploads\/2020\/11\/Cineforum-20-nov.jpeg\">\u00a0 \u00a0 \u00a0 \u00a0 \u00a0 \u00a0<\/a><a href=\"http:\/\/www.milvocesvioletas.org\/wp-content\/uploads\/2020\/11\/taller-redes-sociales-mujeres-en-la-nube-13-nov.jpg\">\u00a0 \u00a0 \u00a0 \u00a0 \u00a0 \u00a0 \u00a0 \u00a0 \u00a0 \u00a0 \u00a0 \u00a0 \u00a0 \u00a0 \u00a0 \u00a0 \u00a0 \u00a0 \u00a0 \u00a0 \u00a0 \u00a0 \u00a0 \u00a0 \u00a0 \u00a0 \u00a0 \u00a0<\/a><a href=\"http:\/\/www.milvocesvioletas.org\/wp-content\/uploads\/2020\/11\/taller-redes-sociales-mujeres-en-la-nube-13-nov.jpg\"><img loading=\"lazy\" decoding=\"async\" class=\"wp-image-782 size-medium alignnone\" title=\"Haz click para ampliar\" src=\"http:\/\/www.milvocesvioletas.org\/wp-content\/uploads\/2020\/11\/WhatsApp-Image-2020-11-27-at-22.00.04-300x300.jpeg\" alt=\"\" width=\"300\" height=\"300\" srcset=\"https:\/\/milvocesvioletas.org\/wp-content\/uploads\/2020\/11\/WhatsApp-Image-2020-11-27-at-22.00.04-300x300.jpeg 300w, https:\/\/milvocesvioletas.org\/wp-content\/uploads\/2020\/11\/WhatsApp-Image-2020-11-27-at-22.00.04-1024x1024.jpeg 1024w, https:\/\/milvocesvioletas.org\/wp-content\/uploads\/2020\/11\/WhatsApp-Image-2020-11-27-at-22.00.04-150x150.jpeg 150w, https:\/\/milvocesvioletas.org\/wp-content\/uploads\/2020\/11\/WhatsApp-Image-2020-11-27-at-22.00.04-768x768.jpeg 768w, https:\/\/milvocesvioletas.org\/wp-content\/uploads\/2020\/11\/WhatsApp-Image-2020-11-27-at-22.00.04-600x600.jpeg 600w, https:\/\/milvocesvioletas.org\/wp-content\/uploads\/2020\/11\/WhatsApp-Image-2020-11-27-at-22.00.04-100x100.jpeg 100w, https:\/\/milvocesvioletas.org\/wp-content\/uploads\/2020\/11\/WhatsApp-Image-2020-11-27-at-22.00.04.jpeg 1080w\" sizes=\"(max-width: 300px) 100vw, 300px\" \/> \u00a0<\/a><a href=\"http:\/\/www.milvocesvioletas.org\/wp-content\/uploads\/2020\/11\/taller-redes-sociales-mujeres-en-la-nube-13-nov.jpg\"><img loading=\"lazy\" decoding=\"async\" class=\"alignnone wp-image-762 size-medium\" title=\"Haz click para ampliar\" src=\"http:\/\/www.milvocesvioletas.org\/wp-content\/uploads\/2020\/11\/Taller-Redes-Sociales-2-27-nov-300x300.png\" alt=\"\" width=\"300\" height=\"300\" srcset=\"https:\/\/milvocesvioletas.org\/wp-content\/uploads\/2020\/11\/Taller-Redes-Sociales-2-27-nov-300x300.png 300w, https:\/\/milvocesvioletas.org\/wp-content\/uploads\/2020\/11\/Taller-Redes-Sociales-2-27-nov-1024x1024.png 1024w, https:\/\/milvocesvioletas.org\/wp-content\/uploads\/2020\/11\/Taller-Redes-Sociales-2-27-nov-150x150.png 150w, https:\/\/milvocesvioletas.org\/wp-content\/uploads\/2020\/11\/Taller-Redes-Sociales-2-27-nov-768x768.png 768w, https:\/\/milvocesvioletas.org\/wp-content\/uploads\/2020\/11\/Taller-Redes-Sociales-2-27-nov-600x600.png 600w, https:\/\/milvocesvioletas.org\/wp-content\/uploads\/2020\/11\/Taller-Redes-Sociales-2-27-nov-100x100.png 100w, https:\/\/milvocesvioletas.org\/wp-content\/uploads\/2020\/11\/Taller-Redes-Sociales-2-27-nov.png 1080w\" sizes=\"(max-width: 300px) 100vw, 300px\" \/><\/a><\/p>\n<p>En relaci\u00f3n a esa parte de urbanismo feminista, realizaremos el <em>5 de diciembre de 2020<\/em> tambi\u00e9n un mapeo de las calles y las plazas de Gij\u00f3n que llevan nombres de mujer. Dicha actividad estaba coordinada por el Colegio de Ge\u00f3grafos y el colectivo GeoChicas que son las idearias de la actividad y quienes la han puesto en marcha por el territorio nacional.<\/p>\n<p>Podr\u00e1s inscribirte en el siguiente GoogleForms:<\/p>\n<p><a href=\"https:\/\/docs.google.com\/forms\/d\/e\/1FAIpQLSctB1iSyG6VzS02o3XRWO_QaBaW-7o9Ms0K07d6SQeMZuix4A\/viewform\">https:\/\/docs.google.com\/forms\/d\/e\/1FAIpQLSctB1iSyG6VzS02o3XRWO_QaBaW-7o9Ms0K07d6SQeMZuix4A\/viewform<\/a><\/p>\n<p><a href=\"http:\/\/www.milvocesvioletas.org\/wp-content\/uploads\/2020\/11\/mapeo-de-las-calles-de-Gijon-5-dic.jpg\"><img loading=\"lazy\" decoding=\"async\" class=\"aligncenter wp-image-768 size-medium\" title=\"Haz click para ampliar\" src=\"http:\/\/www.milvocesvioletas.org\/wp-content\/uploads\/2020\/11\/mapeo-de-las-calles-de-Gijon-5-dic-169x300.jpg\" alt=\"\" width=\"169\" height=\"300\" srcset=\"https:\/\/milvocesvioletas.org\/wp-content\/uploads\/2020\/11\/mapeo-de-las-calles-de-Gijon-5-dic-169x300.jpg 169w, https:\/\/milvocesvioletas.org\/wp-content\/uploads\/2020\/11\/mapeo-de-las-calles-de-Gijon-5-dic-576x1024.jpg 576w, https:\/\/milvocesvioletas.org\/wp-content\/uploads\/2020\/11\/mapeo-de-las-calles-de-Gijon-5-dic-768x1365.jpg 768w, https:\/\/milvocesvioletas.org\/wp-content\/uploads\/2020\/11\/mapeo-de-las-calles-de-Gijon-5-dic-864x1536.jpg 864w, https:\/\/milvocesvioletas.org\/wp-content\/uploads\/2020\/11\/mapeo-de-las-calles-de-Gijon-5-dic-600x1067.jpg 600w, https:\/\/milvocesvioletas.org\/wp-content\/uploads\/2020\/11\/mapeo-de-las-calles-de-Gijon-5-dic.jpg 1080w\" sizes=\"(max-width: 169px) 100vw, 169px\" \/><\/a><\/p>\n<p>Como colof\u00f3n a todo este proyecto, en colaboraci\u00f3n con Quiquiric\u00fa: consultor\u00eda de innovaci\u00f3n social, desarrollaremos el d\u00eda 11 de diciembre las <strong>Jornadas Ciudad Feminista: ciudad inclusiva y sostenible<\/strong>.<\/p>\n<p>Las jornadas tendr\u00e1n lugar en una aplicaci\u00f3n web que pondremos a disposici\u00f3n de las personas interesadas. Dar\u00e1n comienzo a las 10:00 horas con la inauguraci\u00f3n por parte de Goretti Avello, Directora General de Igualdad del Ayuntamiento de Gij\u00f3n y finalizar\u00e1n a las 14:00 horas tras la clausura de Sonia Puente, Directora General de Urbanismo y Ordenaci\u00f3n del Territorio del Principado de Asturias.<\/p>\n<p>A lo largo de la ma\u00f1ana nos acompa\u00f1ar\u00e1n adem\u00e1s tres mujeres con formaci\u00f3n y experiencia en el terreno:<\/p>\n<ul>\n<li>Almudena Cueto: Experta en Innovaci\u00f3n Social, G\u00e9nero y Sostenibilidad, nos hablar\u00e1 de <em>Urbanismo feminista, respuesta para la sostenibilidad de nuestra ciudadan\u00eda.<\/em><\/li>\n<li>Laura L\u00f3pez: Arquitecta Urbanista y graduada en Sociolog\u00eda, con su ponencia sobre <em>La participaci\u00f3n ciudadana en la acci\u00f3n urban\u00edstica. Herramientas para el cambio social.<\/em><\/li>\n<li>Purificaci\u00f3n Rodr\u00edguez: Psic\u00f3loga de la Casa Malva de Gij\u00f3n, expondr\u00e1 la <em>Respuesta individual y colectiva a las agresiones machistas en el entorno urbano.<\/em><\/li>\n<\/ul>\n<p>Para participar tan solo hay que rellenar el siguiente cuestionario (<strong><a href=\"https:\/\/forms.gle\/EZpQLXgphBnbpWKKA\">Formulario de inscripci\u00f3n<\/a><\/strong>) y, cuando se acerque la fecha, se te enviar\u00e1 un email con las instrucciones para acceder a la plataforma desde la que se desarrollar\u00e1 la Jornada Ciudad Feminista: ciudad inclusiva y sostenible.<\/p>\n<p><a href=\"http:\/\/www.milvocesvioletas.org\/wp-content\/uploads\/2020\/11\/WhatsApp-Image-2020-11-26-at-12.10.08.jpeg\"><img loading=\"lazy\" decoding=\"async\" class=\"aligncenter wp-image-783 size-medium\" title=\"Haz click para ampliar\" src=\"http:\/\/www.milvocesvioletas.org\/wp-content\/uploads\/2020\/11\/WhatsApp-Image-2020-11-26-at-12.10.08-169x300.jpeg\" alt=\"\" width=\"169\" height=\"300\" srcset=\"https:\/\/milvocesvioletas.org\/wp-content\/uploads\/2020\/11\/WhatsApp-Image-2020-11-26-at-12.10.08-169x300.jpeg 169w, https:\/\/milvocesvioletas.org\/wp-content\/uploads\/2020\/11\/WhatsApp-Image-2020-11-26-at-12.10.08-576x1024.jpeg 576w, https:\/\/milvocesvioletas.org\/wp-content\/uploads\/2020\/11\/WhatsApp-Image-2020-11-26-at-12.10.08-768x1365.jpeg 768w, https:\/\/milvocesvioletas.org\/wp-content\/uploads\/2020\/11\/WhatsApp-Image-2020-11-26-at-12.10.08-864x1536.jpeg 864w, https:\/\/milvocesvioletas.org\/wp-content\/uploads\/2020\/11\/WhatsApp-Image-2020-11-26-at-12.10.08-600x1067.jpeg 600w, https:\/\/milvocesvioletas.org\/wp-content\/uploads\/2020\/11\/WhatsApp-Image-2020-11-26-at-12.10.08.jpeg 900w\" sizes=\"(max-width: 169px) 100vw, 169px\" \/><\/a><\/p>\n","protected":false},"excerpt":{"rendered":"<p>\u00a0Proyecto financiado por el Servicio de Pol\u00edticas de Igualdad del Ayuntamiento de Gij\u00f3n que a\u00fana varias actividades relacionadas con la importancia de la perspectiva de g\u00e9nero en diferentes \u00e1mbitos. Este proyecto, subvencionado por el Servicio de Pol\u00edticas de Igualdad del Ayuntamiento de Gij\u00f3n, tiene un objetivo general que es generar y transmitir conocimiento feminista de<\/p>\n","protected":false},"author":1,"featured_media":0,"parent":753,"menu_order":0,"comment_status":"closed","ping_status":"closed","template":"fullwidth.php","meta":{"footnotes":""},"_links":{"self":[{"href":"https:\/\/milvocesvioletas.org\/index.php\/wp-json\/wp\/v2\/pages\/755"}],"collection":[{"href":"https:\/\/milvocesvioletas.org\/index.php\/wp-json\/wp\/v2\/pages"}],"about":[{"href":"https:\/\/milvocesvioletas.org\/index.php\/wp-json\/wp\/v2\/types\/page"}],"author":[{"embeddable":true,"href":"https:\/\/milvocesvioletas.org\/index.php\/wp-json\/wp\/v2\/users\/1"}],"replies":[{"embeddable":true,"href":"https:\/\/milvocesvioletas.org\/index.php\/wp-json\/wp\/v2\/comments?post=755"}],"version-history":[{"count":11,"href":"https:\/\/milvocesvioletas.org\/index.php\/wp-json\/wp\/v2\/pages\/755\/revisions"}],"predecessor-version":[{"id":788,"href":"https:\/\/milvocesvioletas.org\/index.php\/wp-json\/wp\/v2\/pages\/755\/revisions\/788"}],"up":[{"embeddable":true,"href":"https:\/\/milvocesvioletas.org\/index.php\/wp-json\/wp\/v2\/pages\/753"}],"wp:attachment":[{"href":"https:\/\/milvocesvioletas.org\/index.php\/wp-json\/wp\/v2\/media?parent=755"}],"curies":[{"name":"wp","href":"https:\/\/api.w.org\/{rel}","templated":true}]}}