{"id":719,"date":"2020-10-20T20:43:42","date_gmt":"2020-10-20T18:43:42","guid":{"rendered":"http:\/\/milvocesvioletas.org\/?page_id=719"},"modified":"2024-07-07T23:05:49","modified_gmt":"2024-07-07T21:05:49","slug":"2020-2","status":"publish","type":"page","link":"https:\/\/milvocesvioletas.org\/index.php\/formacion\/feminismo-para-dummies-3\/2020-2\/","title":{"rendered":"2020"},"content":{"rendered":"<ul>\n<li>Feminismo para Dummies 2020<\/li>\n<\/ul>\n<p style=\"text-align: left;\">En el a\u00f1o 2019 la Asociaci\u00f3n Mil Voces Violetas en conjunto con el Conseyu de Moced\u00e1 de Xix\u00f3n (CMX) lanzamos un curso b\u00e1sico de feminismo compuesto por 5 talleres <img loading=\"lazy\" decoding=\"async\" class=\"alignright size-medium wp-image-522\" src=\"http:\/\/www.milvocesvioletas.org\/wp-content\/uploads\/2020\/10\/Feminismo-para-Dummies-2020.jpeg\" alt=\"Feminismo para dummies\" width=\"212\" height=\"300\" \/>independientes.<\/p>\n<p style=\"text-align: left;\">Decidimos llamarlo Feminismo para Dummies, como un llamamiento a todas las personas interesadas en formarse sobre cuestiones b\u00e1sicas en materia de feminismo. En general, este proyecto fue valorado positivamente en el anterior a\u00f1o, por lo que este a\u00f1o 2020 celebramos la <em><strong>Segunda Edici\u00f3n de \u00abFeminismo para Dummies\u00bb<\/strong><\/em> con nuevas tem\u00e1ticas.<\/p>\n<p style=\"text-align: left;\">Dada la situaci\u00f3n sanitaria actual, haremos formaci\u00f3n presencial y online. En la presencial tendremos un aforo m\u00e1ximo de 6 personas para cada taller. Hemos intentado estimular adem\u00e1s la participaci\u00f3n de formadoras\/es de nuestra Comunidad Aut\u00f3noma haciendo un gui\u00f1o a la gran labor que todas\/os han hecho durante a\u00f1os investigando y trabajando en diferentes cuestiones de g\u00e9nero.<\/p>\n<p style=\"text-align: left;\">Los talleres planteados se impartir\u00e1n los siguientes s\u00e1bados entre las 10h y las 14h en el local del Conseyu de Moced\u00e1 de Xix\u00f3n (Av. Manuel Llaneza, 68) y mediante la plataforma que tendremos disponible a trav\u00e9s de nuestra p\u00e1gina web.<\/p>\n<p>&nbsp;<\/p>\n<table style=\"height: 291px;\" width=\"818\">\n<tbody>\n<tr>\n<td width=\"189\">\n<h2><em>Dia<\/em><\/h2>\n<\/td>\n<td width=\"189\">\n<h2><em>T\u00edtulo<\/em><\/h2>\n<\/td>\n<td width=\"189\">\n<h2><em>Impartido Por <\/em><\/h2>\n<\/td>\n<\/tr>\n<tr>\n<td width=\"189\"><em>24 de Octubre<\/em><\/td>\n<td width=\"189\"><strong>De Eugea a Defred: explotaci\u00f3n sexual, colonizaci\u00f3n del cuerpo y vientres de alquiler.<\/strong><\/td>\n<td width=\"189\"><strong>Laura Fjader<\/strong><\/td>\n<\/tr>\n<tr>\n<td width=\"189\"><em>7 de Noviembre<\/em><\/td>\n<td width=\"189\"><strong>Mujeres: una historia a medias.<\/strong><\/td>\n<td width=\"189\"><strong>Luis Javier Martinez<\/strong><\/td>\n<\/tr>\n<tr>\n<td width=\"189\"><em>21 de Noviembre<\/em><\/td>\n<td width=\"189\"><strong>Cuando el patriarcado golpea. Violencias: c\u00f3mo identificarlas y formas de actuaci\u00f3n.<\/strong><\/td>\n<td width=\"189\"><strong>Irati Pires y Leyre Vald\u00e9s<\/strong><\/td>\n<\/tr>\n<tr>\n<td width=\"189\"><em>28 de Noviembre<\/em><\/td>\n<td width=\"189\"><strong>Identidades, diversidad y movimiento feminista<\/strong><\/td>\n<td width=\"189\"><strong>Yosune \u00c1lvarez<\/strong><\/td>\n<\/tr>\n<tr>\n<td width=\"189\"><em>12 de Diciembre<\/em><\/td>\n<td width=\"189\"><strong>Mujer y Discapacidad. Sorteando obst\u00e1culos.<\/strong><\/td>\n<td width=\"189\"><strong>Jennifer Meana<\/strong><\/td>\n<\/tr>\n<tr>\n<td width=\"189\"><em>19 de Diciembre<\/em><\/td>\n<td width=\"189\"><strong>TCA. Una mirada m\u00e1s all\u00e1 del espejo.<\/strong><\/td>\n<td width=\"189\"><strong>Aridane Cuevas<\/strong><\/td>\n<\/tr>\n<\/tbody>\n<\/table>\n<p>&nbsp;<\/p>\n<p>Para m\u00e1s <strong>informaci\u00f3n e inscripciones<\/strong> mandar un email a: <a href=\"mailto:coordinacion@milvocesvioletas.org\"><em><strong><span style=\"color: #800080;\">coordinacion@milvocesvioletas.org\/\/ <\/span><\/strong><\/em><\/a><a href=\"mailto:formacion@milvocesvioletas.org\"><em><strong><span style=\"color: #800080;\">formacion@milvocesvioletas.org<\/span><\/strong><\/em><\/a> con los siguientes <strong>datos<\/strong>:<\/p>\n<ul>\n<li>Nombre y apellidos.<\/li>\n<li>Formaciones a las que quieres acudir.<\/li>\n<li>Si prefieres formaci\u00f3n online o presencial.<\/li>\n<\/ul>\n<p>Os contestaremos lo antes posible para confirmaros la disponibilidad de plaza.<\/p>\n<p><em><strong>\u00a1Muchas gracias!<\/strong><\/em><\/p>\n<p>&nbsp;<\/p>\n","protected":false},"excerpt":{"rendered":"<p>Feminismo para Dummies 2020 En el a\u00f1o 2019 la Asociaci\u00f3n Mil Voces Violetas en conjunto con el Conseyu de Moced\u00e1 de Xix\u00f3n (CMX) lanzamos un curso b\u00e1sico de feminismo compuesto por 5 talleres independientes. Decidimos llamarlo Feminismo para Dummies, como un llamamiento a todas las personas interesadas en formarse sobre cuestiones b\u00e1sicas en materia de<\/p>\n","protected":false},"author":1,"featured_media":0,"parent":714,"menu_order":0,"comment_status":"closed","ping_status":"closed","template":"fullwidth.php","meta":{"footnotes":""},"_links":{"self":[{"href":"https:\/\/milvocesvioletas.org\/index.php\/wp-json\/wp\/v2\/pages\/719"}],"collection":[{"href":"https:\/\/milvocesvioletas.org\/index.php\/wp-json\/wp\/v2\/pages"}],"about":[{"href":"https:\/\/milvocesvioletas.org\/index.php\/wp-json\/wp\/v2\/types\/page"}],"author":[{"embeddable":true,"href":"https:\/\/milvocesvioletas.org\/index.php\/wp-json\/wp\/v2\/users\/1"}],"replies":[{"embeddable":true,"href":"https:\/\/milvocesvioletas.org\/index.php\/wp-json\/wp\/v2\/comments?post=719"}],"version-history":[{"count":18,"href":"https:\/\/milvocesvioletas.org\/index.php\/wp-json\/wp\/v2\/pages\/719\/revisions"}],"predecessor-version":[{"id":1248,"href":"https:\/\/milvocesvioletas.org\/index.php\/wp-json\/wp\/v2\/pages\/719\/revisions\/1248"}],"up":[{"embeddable":true,"href":"https:\/\/milvocesvioletas.org\/index.php\/wp-json\/wp\/v2\/pages\/714"}],"wp:attachment":[{"href":"https:\/\/milvocesvioletas.org\/index.php\/wp-json\/wp\/v2\/media?parent=719"}],"curies":[{"name":"wp","href":"https:\/\/api.w.org\/{rel}","templated":true}]}}