{"id":711,"date":"2020-10-20T13:19:53","date_gmt":"2020-10-20T11:19:53","guid":{"rendered":"http:\/\/milvocesvioletas.org\/?page_id=711"},"modified":"2024-07-07T23:04:34","modified_gmt":"2024-07-07T21:04:34","slug":"feminismo-para-dummies-2","status":"publish","type":"page","link":"https:\/\/milvocesvioletas.org\/index.php\/formacion\/feminismo-para-dummies-3\/feminismo-para-dummies-2\/","title":{"rendered":"2019"},"content":{"rendered":"<ul>\n<li>Feminismo para Dummies 2019<\/li>\n<\/ul>\n<p style=\"text-align: left;\">Desde la Asociaci\u00f3n Mil Voces Violetas lanzamos un curso b\u00e1sico de feminismo compuesto por 5 talleres <img loading=\"lazy\" decoding=\"async\" class=\"alignright size-medium wp-image-522\" src=\"http:\/\/milvocesviolestas.org\/wp-content\/uploads\/2019\/12\/Feminismo-para-dummies-212x300.jpeg\" alt=\"Feminismo para dummies\" width=\"212\" height=\"300\" srcset=\"https:\/\/milvocesvioletas.org\/wp-content\/uploads\/2019\/12\/Feminismo-para-dummies-212x300.jpeg 212w, https:\/\/milvocesvioletas.org\/wp-content\/uploads\/2019\/12\/Feminismo-para-dummies-600x849.jpeg 600w, https:\/\/milvocesvioletas.org\/wp-content\/uploads\/2019\/12\/Feminismo-para-dummies-768x1087.jpeg 768w, https:\/\/milvocesvioletas.org\/wp-content\/uploads\/2019\/12\/Feminismo-para-dummies-724x1024.jpeg 724w, https:\/\/milvocesvioletas.org\/wp-content\/uploads\/2019\/12\/Feminismo-para-dummies.jpeg 1447w\" sizes=\"(max-width: 212px) 100vw, 212px\" \/>independientes. Bajo el nombre Feminismo para Dummies hacemos un llamamiento a todas las personas que quieran formarse e informarse sobre cuestiones b\u00e1sicas en materia de feminismo. Este proyecto, que est\u00e1 financiado por Gij\u00f3n Igualdad, nace de la idea de que todas nuestras socias puedan tener unos conocimientos similares aunque abriremos las inscripciones a cualquier persona que est\u00e9 interesada en nuestras sesiones a trav\u00e9s de nuestro e-mail: <a href=\"mailto:coordinacion@milvocesvioletas.org\"><em><strong><span style=\"color: #800080;\">coordinacion@milvocesvioletas.org<\/span><\/strong><\/em><\/a><\/p>\n<p style=\"text-align: left;\">Fijamos en 20 el n\u00famero de plazas para cada taller porque queremos que sean din\u00e1micos y que haya lugar para el debate. Hemos intentado estimular adem\u00e1s la participaci\u00f3n de formadoras\/es de nuestra Comunidad Aut\u00f3noma haciendo un gui\u00f1o a la gran labor que todas\/os han hecho durante a\u00f1os investigando y trabajando en diferentes cuestiones de g\u00e9nero.<\/p>\n<p style=\"text-align: left;\">Los talleres planteados se impartir\u00e1n los siguientes s\u00e1bados entre las 10h y las 14h en el local del Conseyu de Moced\u00e1 de Xix\u00f3n (Av. Manuel Llaneza, 68):<\/p>\n<table style=\"height: 291px;\" width=\"818\">\n<tbody>\n<tr>\n<td width=\"189\">\n<h2><em>Dia<\/em><\/h2>\n<\/td>\n<td width=\"189\">\n<h2><em>T\u00edtulo<\/em><\/h2>\n<\/td>\n<td width=\"189\">\n<h2><em>Impartido Por <\/em><\/h2>\n<\/td>\n<\/tr>\n<tr>\n<td width=\"189\"><em>19 de Octubre<\/em><\/td>\n<td width=\"189\"><strong>Historia del Feminismo<\/strong><\/td>\n<td width=\"189\"><strong>Luis Javier Mart\u00ednez<\/strong><\/td>\n<\/tr>\n<tr>\n<td width=\"189\"><em>26 de Octubre<\/em><\/td>\n<td width=\"189\"><strong>Amor rom\u00e1ntico y Sexualidad<\/strong><\/td>\n<td width=\"189\"><strong>Diana Mois\u00e9s<\/strong><\/td>\n<\/tr>\n<tr>\n<td width=\"189\"><em>9 de Noviembre<\/em><\/td>\n<td width=\"189\"><strong>Violencia y Publicidad.<\/strong><\/td>\n<td width=\"189\"><strong>Lola Cancio<\/strong><\/td>\n<\/tr>\n<tr>\n<td width=\"189\"><em>30 de Noviembre<\/em><\/td>\n<td width=\"189\"><strong>Igualdad de oportunidades<\/strong><\/td>\n<td width=\"189\"><strong>Eva Irazu<\/strong><\/td>\n<\/tr>\n<tr>\n<td width=\"189\"><em>14 de Diciembre<\/em><\/td>\n<td width=\"189\"><strong>Gamificaci\u00f3n y G\u00e9nero<\/strong><\/td>\n<td width=\"189\"><strong>Diana Mois\u00e9s<\/strong><\/td>\n<\/tr>\n<\/tbody>\n<\/table>\n<p>&nbsp;<\/p>\n<p>Para m\u00e1s informaci\u00f3n contacte en nuestro e-mail: <a href=\"mailto:coordinacion@milvocesvioletas.org\"><em><strong><span style=\"color: #800080;\">coordinacion@milvocesvioletas.org<\/span><\/strong><\/em><\/a><\/p>\n","protected":false},"excerpt":{"rendered":"<p>Feminismo para Dummies 2019 Desde la Asociaci\u00f3n Mil Voces Violetas lanzamos un curso b\u00e1sico de feminismo compuesto por 5 talleres independientes. Bajo el nombre Feminismo para Dummies hacemos un llamamiento a todas las personas que quieran formarse e informarse sobre cuestiones b\u00e1sicas en materia de feminismo. Este proyecto, que est\u00e1 financiado por Gij\u00f3n Igualdad, nace<\/p>\n","protected":false},"author":1,"featured_media":0,"parent":714,"menu_order":0,"comment_status":"closed","ping_status":"closed","template":"fullwidth.php","meta":{"footnotes":""},"_links":{"self":[{"href":"https:\/\/milvocesvioletas.org\/index.php\/wp-json\/wp\/v2\/pages\/711"}],"collection":[{"href":"https:\/\/milvocesvioletas.org\/index.php\/wp-json\/wp\/v2\/pages"}],"about":[{"href":"https:\/\/milvocesvioletas.org\/index.php\/wp-json\/wp\/v2\/types\/page"}],"author":[{"embeddable":true,"href":"https:\/\/milvocesvioletas.org\/index.php\/wp-json\/wp\/v2\/users\/1"}],"replies":[{"embeddable":true,"href":"https:\/\/milvocesvioletas.org\/index.php\/wp-json\/wp\/v2\/comments?post=711"}],"version-history":[{"count":6,"href":"https:\/\/milvocesvioletas.org\/index.php\/wp-json\/wp\/v2\/pages\/711\/revisions"}],"predecessor-version":[{"id":1247,"href":"https:\/\/milvocesvioletas.org\/index.php\/wp-json\/wp\/v2\/pages\/711\/revisions\/1247"}],"up":[{"embeddable":true,"href":"https:\/\/milvocesvioletas.org\/index.php\/wp-json\/wp\/v2\/pages\/714"}],"wp:attachment":[{"href":"https:\/\/milvocesvioletas.org\/index.php\/wp-json\/wp\/v2\/media?parent=711"}],"curies":[{"name":"wp","href":"https:\/\/api.w.org\/{rel}","templated":true}]}}