{"id":476,"date":"2019-10-13T10:58:55","date_gmt":"2019-10-13T08:58:55","guid":{"rendered":"http:\/\/milvocesviolestas.org\/?page_id=476"},"modified":"2024-07-06T16:37:53","modified_gmt":"2024-07-06T14:37:53","slug":"formacion","status":"publish","type":"page","link":"https:\/\/milvocesvioletas.org\/index.php\/formacion\/","title":{"rendered":"Formaci\u00f3n"},"content":{"rendered":"<p>Desde la fundaci\u00f3n de la esta asociaci\u00f3n hemos cre\u00eddo que una gran parte para conseguir una sociedad igualitaria es la educaci\u00f3n desde las\/os m\u00e1s peque\u00f1as\/os hasta las\/os m\u00e1s mayores. Por esta raz\u00f3n en el recurso \u00abFormaci\u00f3n\u00bb encontrar\u00e1s todos los recursos y servicios educativos que ofrecemos desde la Asociaci\u00f3n Mil Voces Violetas:<\/p>\n<ul>\n<li style=\"list-style-type: none;\">\n<ul>\n<li><strong><em>Feminismo para Dummies<\/em><\/strong>: se trata de un proyecto que arranca en 2019 con la idea de formar a j\u00f3venes a cerca de conceptos b\u00e1sicos dentro del Feminismo.<\/li>\n<li><strong><em>Charlas y Talleres<\/em>:<\/strong> desde infantil hasta empresas. Ofrecemos formaci\u00f3n en distintas tem\u00e1ticas con una transmisi\u00f3n de valores positivos que ayuden a derrocar el patriarcado y a la b\u00fasqueda de la equidad entre mujeres y hombres.<\/li>\n<li><em><strong>Punto Lila:<\/strong><\/em> se ha convertido en una de nuestras principales funciones. Y es que recorremos toda Asturias para sensibilizar, prevenir e intervenir ante situaciones de violencia sexual en contextos de ocio.<\/li>\n<\/ul>\n<\/li>\n<\/ul>\n<p>Si quieres recibir m\u00e1s informaci\u00f3n sobre alguno de estos puntos, puedes ponerte en contacto con nosotras a trav\u00e9s de <span style=\"color: #800080;\"><strong>coordinacion@milvocesvioletas.org\u00a0 \/\/\u00a0 formacion@milvocesvioletas.org<\/strong><\/span><\/p>\n","protected":false},"excerpt":{"rendered":"<p>Desde la fundaci\u00f3n de la esta asociaci\u00f3n hemos cre\u00eddo que una gran parte para conseguir una sociedad igualitaria es la educaci\u00f3n desde las\/os m\u00e1s peque\u00f1as\/os hasta las\/os m\u00e1s mayores. Por esta raz\u00f3n en el recurso \u00abFormaci\u00f3n\u00bb encontrar\u00e1s todos los recursos y servicios educativos que ofrecemos desde la Asociaci\u00f3n Mil Voces Violetas: Feminismo para Dummies: se<\/p>\n","protected":false},"author":1,"featured_media":0,"parent":0,"menu_order":0,"comment_status":"closed","ping_status":"closed","template":"fullwidth.php","meta":{"footnotes":""},"_links":{"self":[{"href":"https:\/\/milvocesvioletas.org\/index.php\/wp-json\/wp\/v2\/pages\/476"}],"collection":[{"href":"https:\/\/milvocesvioletas.org\/index.php\/wp-json\/wp\/v2\/pages"}],"about":[{"href":"https:\/\/milvocesvioletas.org\/index.php\/wp-json\/wp\/v2\/types\/page"}],"author":[{"embeddable":true,"href":"https:\/\/milvocesvioletas.org\/index.php\/wp-json\/wp\/v2\/users\/1"}],"replies":[{"embeddable":true,"href":"https:\/\/milvocesvioletas.org\/index.php\/wp-json\/wp\/v2\/comments?post=476"}],"version-history":[{"count":40,"href":"https:\/\/milvocesvioletas.org\/index.php\/wp-json\/wp\/v2\/pages\/476\/revisions"}],"predecessor-version":[{"id":1221,"href":"https:\/\/milvocesvioletas.org\/index.php\/wp-json\/wp\/v2\/pages\/476\/revisions\/1221"}],"wp:attachment":[{"href":"https:\/\/milvocesvioletas.org\/index.php\/wp-json\/wp\/v2\/media?parent=476"}],"curies":[{"name":"wp","href":"https:\/\/api.w.org\/{rel}","templated":true}]}}