{"id":392,"date":"2019-08-19T23:07:06","date_gmt":"2019-08-19T21:07:06","guid":{"rendered":"http:\/\/milvocesviolestas.org\/?page_id=392"},"modified":"2021-03-17T21:54:00","modified_gmt":"2021-03-17T20:54:00","slug":"puntos-lila","status":"publish","type":"page","link":"https:\/\/milvocesvioletas.org\/index.php\/puntos-lila\/","title":{"rendered":"Puntos Lila"},"content":{"rendered":"<p>Un Punto Lila es un espacio libre de agresiones machistas. Su objetivo principal es atender a mujeres v\u00edctimas de <a href=\"http:\/\/milvocesviolestas.org\/wp-content\/uploads\/2019\/08\/WhatsApp-Image-2019-08-18-at-14.14.21.jpeg\"><img loading=\"lazy\" decoding=\"async\" class=\"alignright wp-image-419 size-medium\" src=\"http:\/\/milvocesviolestas.org\/wp-content\/uploads\/2019\/08\/WhatsApp-Image-2019-08-18-at-14.14.21-225x300.jpeg\" alt=\"\" width=\"225\" height=\"300\" srcset=\"https:\/\/milvocesvioletas.org\/wp-content\/uploads\/2019\/08\/WhatsApp-Image-2019-08-18-at-14.14.21-225x300.jpeg 225w, https:\/\/milvocesvioletas.org\/wp-content\/uploads\/2019\/08\/WhatsApp-Image-2019-08-18-at-14.14.21-600x800.jpeg 600w, https:\/\/milvocesvioletas.org\/wp-content\/uploads\/2019\/08\/WhatsApp-Image-2019-08-18-at-14.14.21-768x1024.jpeg 768w, https:\/\/milvocesvioletas.org\/wp-content\/uploads\/2019\/08\/WhatsApp-Image-2019-08-18-at-14.14.21.jpeg 1200w\" sizes=\"(max-width: 225px) 100vw, 225px\" \/><\/a>agresiones sexuales. Para ello se ofrece un espacio seguro, con personal cualificado y libre de juicios de valor que atender\u00e1 de manera objetiva a la v\u00edctima proporcionando diferentes recursos y estrategias para sobrellevar las primeras horas del trauma.<\/p>\n<p>Por otro lado, entendemos los Puntos Lila como espacios de sensibilizaci\u00f3n y prevenci\u00f3n de la poblaci\u00f3n frente a agresiones machistas. Desde nuestra entidad, ofrecemos diferentes actividades para la dinamizaci\u00f3n y difusi\u00f3n del propio Punto Lila, con ello conseguimos la atenci\u00f3n de la poblaci\u00f3n y aprovechamos para difundir un mensaje feminista.<\/p>\n<p><a href=\"http:\/\/milvocesviolestas.org\/wp-content\/uploads\/2019\/08\/IMG-20190706-WA0020.jpg\"><img loading=\"lazy\" decoding=\"async\" class=\"alignleft size-medium wp-image-417\" src=\"http:\/\/milvocesviolestas.org\/wp-content\/uploads\/2019\/08\/IMG-20190706-WA0020-300x169.jpg\" alt=\"\" width=\"300\" height=\"169\" srcset=\"https:\/\/milvocesvioletas.org\/wp-content\/uploads\/2019\/08\/IMG-20190706-WA0020-300x169.jpg 300w, https:\/\/milvocesvioletas.org\/wp-content\/uploads\/2019\/08\/IMG-20190706-WA0020-600x338.jpg 600w, https:\/\/milvocesvioletas.org\/wp-content\/uploads\/2019\/08\/IMG-20190706-WA0020-768x432.jpg 768w, https:\/\/milvocesvioletas.org\/wp-content\/uploads\/2019\/08\/IMG-20190706-WA0020-1024x576.jpg 1024w, https:\/\/milvocesvioletas.org\/wp-content\/uploads\/2019\/08\/IMG-20190706-WA0020.jpg 1600w\" sizes=\"(max-width: 300px) 100vw, 300px\" \/><\/a>Los Puntos Lila de nuestra entidad est\u00e1n dise\u00f1ados para atender a personas de diferentes edades (desde peques hasta grandes) aunque nuestro p\u00fablico objetivo son las personas j\u00f3venes ya que creemos que la mediaci\u00f3n entre iguales es una forma positiva de transmitir valores.<\/p>\n<p>Desde Mil Voces Violetas creemos que la lucha feminista es una lucha colectiva. Por ello, creemos que el trabajo en red es fundamental y colaboramos con la difusi\u00f3n del material de diferentes entidades feministas de Asturias.<br \/>\nSi est\u00e1is interesadas\/os y quer\u00e9is m\u00e1s informaci\u00f3n no dud\u00e9is contactar a trav\u00e9s de nuestro email: <span style=\"color: #800080;\"><em><strong><a style=\"color: #800080;\" href=\"mailto:coordinacion@milvocesvioletas.org\">coordinacion@milvocesvioletas.org<\/a><\/strong><\/em><\/span><\/p>\n<h3 style=\"text-align: center;\"><span style=\"color: #ad69f0;\"><a style=\"color: #ad69f0;\" href=\"https:\/\/www.milvocesvioletas.org\/wp-content\/uploads\/2020\/09\/Puntos-lila.pdf\"><strong>Puntos Lila<\/strong><\/a><\/span><\/h3>\n","protected":false},"excerpt":{"rendered":"<p>Un Punto Lila es un espacio libre de agresiones machistas. Su objetivo principal es atender a mujeres v\u00edctimas de agresiones sexuales. Para ello se ofrece un espacio seguro, con personal cualificado y libre de juicios de valor que atender\u00e1 de manera objetiva a la v\u00edctima proporcionando diferentes recursos y estrategias para sobrellevar las primeras horas<\/p>\n","protected":false},"author":1,"featured_media":0,"parent":0,"menu_order":0,"comment_status":"closed","ping_status":"closed","template":"fullwidth.php","meta":{"footnotes":""},"_links":{"self":[{"href":"https:\/\/milvocesvioletas.org\/index.php\/wp-json\/wp\/v2\/pages\/392"}],"collection":[{"href":"https:\/\/milvocesvioletas.org\/index.php\/wp-json\/wp\/v2\/pages"}],"about":[{"href":"https:\/\/milvocesvioletas.org\/index.php\/wp-json\/wp\/v2\/types\/page"}],"author":[{"embeddable":true,"href":"https:\/\/milvocesvioletas.org\/index.php\/wp-json\/wp\/v2\/users\/1"}],"replies":[{"embeddable":true,"href":"https:\/\/milvocesvioletas.org\/index.php\/wp-json\/wp\/v2\/comments?post=392"}],"version-history":[{"count":12,"href":"https:\/\/milvocesvioletas.org\/index.php\/wp-json\/wp\/v2\/pages\/392\/revisions"}],"predecessor-version":[{"id":1046,"href":"https:\/\/milvocesvioletas.org\/index.php\/wp-json\/wp\/v2\/pages\/392\/revisions\/1046"}],"wp:attachment":[{"href":"https:\/\/milvocesvioletas.org\/index.php\/wp-json\/wp\/v2\/media?parent=392"}],"curies":[{"name":"wp","href":"https:\/\/api.w.org\/{rel}","templated":true}]}}