{"id":231,"date":"2018-11-01T22:55:20","date_gmt":"2018-11-01T21:55:20","guid":{"rendered":"http:\/\/milvocesviolestas.org\/?page_id=231"},"modified":"2020-09-26T20:03:22","modified_gmt":"2020-09-26T18:03:22","slug":"quienes-somos","status":"publish","type":"page","link":"https:\/\/milvocesvioletas.org\/index.php\/quienes-somos\/","title":{"rendered":"Qui\u00e9nes somos"},"content":{"rendered":"<p style=\"text-align: left;\">Mil Voces Violetas nace en 2018 con la intenci\u00f3n de luchar en pro de la igualdad de oportunidades entre mujeres y hombres. Surge de la idea de abolir la violencia contra las mujeres as\u00ed como de poner punto y final a agresiones constantes contra nuestro cuerpo.<\/p>\n<p style=\"text-align: left;\">Lucharemos para fomentar la participaci\u00f3n de las mujeres en el \u00e1mbito pol\u00edtico, cultural y asociativo de nuestra regi\u00f3n. Gritaremos por nuestros derechos tanto en espacios p\u00fablicos como privados. Nuestro mayor objetivo ser\u00e1 derogar el patriarcado combati\u00e9ndolo con feminismo, con autodeterminaci\u00f3n y con firmeza.<\/p>\n<p style=\"text-align: left;\">El feminismo radical apuesta por destruir el problema desde su ra\u00edz y esa es nuestra meta: construir una nueva sociedad igualitaria desde sus cimientos, para que no se tambalee, para que resista, para un futuro m\u00e1s pr\u00f3spero.<br \/>\nConformamos una asociaci\u00f3n no mixta en la que el poder recae tan solo en nosotras (mujeres entre los 14 y los 99 a\u00f1os), pero no nos olvidamos de los hombres, nuestros aliados. Son muchos y bienvenidos. Hemos creado un grupo de participaci\u00f3n informal para que los que est\u00e9n interesados se acerquen y compartan nuestra ideolog\u00eda, para crecer y aprender todas y todos juntas\/os. Porque nuestro mundo es para todas y todos y por ello debemos incluirles en nuestra lucha.<\/p>\n<p style=\"text-align: center;\"><iframe loading=\"lazy\" width=\"315\" height=\"220\" src=\"https:\/\/www.youtube.com\/embed\/BDk8HKIYACY\" frameborder=\"0\" allow=\"accelerometer; autoplay; encrypted-media; gyroscope; picture-in-picture\" allowfullscreen><\/iframe><\/p>\n","protected":false},"excerpt":{"rendered":"<p>Mil Voces Violetas nace en 2018 con la intenci\u00f3n de luchar en pro de la igualdad de oportunidades entre mujeres y hombres. Surge de la idea de abolir la violencia contra las mujeres as\u00ed como de poner punto y final a agresiones constantes contra nuestro cuerpo. Lucharemos para fomentar la participaci\u00f3n de las mujeres en<\/p>\n","protected":false},"author":1,"featured_media":0,"parent":0,"menu_order":0,"comment_status":"closed","ping_status":"closed","template":"fullwidth.php","meta":{"footnotes":""},"_links":{"self":[{"href":"https:\/\/milvocesvioletas.org\/index.php\/wp-json\/wp\/v2\/pages\/231"}],"collection":[{"href":"https:\/\/milvocesvioletas.org\/index.php\/wp-json\/wp\/v2\/pages"}],"about":[{"href":"https:\/\/milvocesvioletas.org\/index.php\/wp-json\/wp\/v2\/types\/page"}],"author":[{"embeddable":true,"href":"https:\/\/milvocesvioletas.org\/index.php\/wp-json\/wp\/v2\/users\/1"}],"replies":[{"embeddable":true,"href":"https:\/\/milvocesvioletas.org\/index.php\/wp-json\/wp\/v2\/comments?post=231"}],"version-history":[{"count":36,"href":"https:\/\/milvocesvioletas.org\/index.php\/wp-json\/wp\/v2\/pages\/231\/revisions"}],"predecessor-version":[{"id":460,"href":"https:\/\/milvocesvioletas.org\/index.php\/wp-json\/wp\/v2\/pages\/231\/revisions\/460"}],"wp:attachment":[{"href":"https:\/\/milvocesvioletas.org\/index.php\/wp-json\/wp\/v2\/media?parent=231"}],"curies":[{"name":"wp","href":"https:\/\/api.w.org\/{rel}","templated":true}]}}