{"id":229,"date":"2018-11-01T22:53:24","date_gmt":"2018-11-01T21:53:24","guid":{"rendered":"http:\/\/milvocesviolestas.org\/?page_id=229"},"modified":"2024-07-07T11:06:31","modified_gmt":"2024-07-07T09:06:31","slug":"charlas-y-talleres","status":"publish","type":"page","link":"https:\/\/milvocesvioletas.org\/index.php\/charlas-y-talleres\/","title":{"rendered":"Charlas y Talleres"},"content":{"rendered":"<p style=\"line-height: 20.25pt; background: white; margin: 0cm 0cm 15pt; text-align: left;\"><span style=\"font-family: 'Open Sans',serif; color: #777777;\">Desde <b><i>Mil Voces Violetas<\/i><\/b> creemos en la educaci\u00f3n como herramienta de cambio social. Por ello, llevamos a cabo dos programas educativos, uno de ellos desarrolla actividades de formaci\u00f3n reglada, dentro de los centros educativos que as\u00ed lo soliciten (infantil, primaria, secundaria, bachiller y FP). Y por otro, un programa de educaci\u00f3n no formal dirigido a entidades sociales y a grupos informales de participaci\u00f3n. <\/span><\/p>\n<p style=\"line-height: 20.25pt; background: white; margin: 0cm 0cm 15pt; text-align: left;\"><span style=\"font-family: 'Open Sans',serif; color: #777777;\">Todas nuestras formaciones est\u00e1n adaptadas tanto a formato presencial como a formato online, atendiendo a las nuevas necesidades formativas, y tambi\u00e9n podemos realizar cualquier modificaci\u00f3n sobre la propuesta inicial para el mejor desarrollo de la formaci\u00f3n. Para cualquier duda, no dudes en contactarnos en <strong><em><a href=\"mailto:coordinacion@milvocesvioletas.org\"><span style=\"color: #800080;\">coordinacion@milvocesvioletas.org<\/span><\/a><\/em><\/strong><\/span><\/p>\n<div id=\"attachment_922\" style=\"width: 225px\" class=\"wp-caption alignleft\"><a href=\"http:\/\/www.milvocesvioletas.org\/wp-content\/uploads\/2021\/03\/CoeducaConMilVoces.pdf\"><img loading=\"lazy\" decoding=\"async\" aria-describedby=\"caption-attachment-922\" class=\"wp-image-922 size-medium\" src=\"http:\/\/www.milvocesvioletas.org\/wp-content\/uploads\/2021\/03\/cmv-215x300.png\" alt=\"\" width=\"215\" height=\"300\" srcset=\"https:\/\/milvocesvioletas.org\/wp-content\/uploads\/2021\/03\/cmv-215x300.png 215w, https:\/\/milvocesvioletas.org\/wp-content\/uploads\/2021\/03\/cmv.png 420w\" sizes=\"(max-width: 215px) 100vw, 215px\" \/><\/a><p id=\"caption-attachment-922\" class=\"wp-caption-text\"><strong><span style=\"color: #cc99ff;\"><a style=\"color: #cc99ff;\" href=\"http:\/\/www.milvocesvioletas.org\/wp-content\/uploads\/2021\/03\/CoeducaConMilVoces.pdf\">Coeduca con Mil Voces<\/a><\/span><\/strong><\/p><\/div>\n<div id=\"attachment_921\" style=\"width: 220px\" class=\"wp-caption alignleft\"><a href=\"http:\/\/www.milvocesvioletas.org\/wp-content\/uploads\/2021\/03\/FeminismoParaAdultas.pdf\"><img loading=\"lazy\" decoding=\"async\" aria-describedby=\"caption-attachment-921\" class=\"wp-image-921 size-medium\" src=\"http:\/\/www.milvocesvioletas.org\/wp-content\/uploads\/2021\/03\/fpa-210x300.png\" alt=\"\" width=\"210\" height=\"300\" srcset=\"https:\/\/milvocesvioletas.org\/wp-content\/uploads\/2021\/03\/fpa-210x300.png 210w, https:\/\/milvocesvioletas.org\/wp-content\/uploads\/2021\/03\/fpa.png 417w\" sizes=\"(max-width: 210px) 100vw, 210px\" \/><\/a><p id=\"caption-attachment-921\" class=\"wp-caption-text\"><span style=\"color: #cc99ff;\"><a style=\"color: #cc99ff;\" href=\"http:\/\/www.milvocesvioletas.org\/wp-content\/uploads\/2021\/03\/FeminismoParaAdultas.pdf\"><strong>Feminismo para Adult@s<\/strong><\/a><\/span><\/p><\/div>\n","protected":false},"excerpt":{"rendered":"<p>Desde Mil Voces Violetas creemos en la educaci\u00f3n como herramienta de cambio social. Por ello, llevamos a cabo dos programas educativos, uno de ellos desarrolla actividades de formaci\u00f3n reglada, dentro de los centros educativos que as\u00ed lo soliciten (infantil, primaria, secundaria, bachiller y FP). Y por otro, un programa de educaci\u00f3n no formal dirigido a<\/p>\n","protected":false},"author":1,"featured_media":0,"parent":0,"menu_order":0,"comment_status":"closed","ping_status":"closed","template":"fullwidth.php","meta":{"footnotes":""},"_links":{"self":[{"href":"https:\/\/milvocesvioletas.org\/index.php\/wp-json\/wp\/v2\/pages\/229"}],"collection":[{"href":"https:\/\/milvocesvioletas.org\/index.php\/wp-json\/wp\/v2\/pages"}],"about":[{"href":"https:\/\/milvocesvioletas.org\/index.php\/wp-json\/wp\/v2\/types\/page"}],"author":[{"embeddable":true,"href":"https:\/\/milvocesvioletas.org\/index.php\/wp-json\/wp\/v2\/users\/1"}],"replies":[{"embeddable":true,"href":"https:\/\/milvocesvioletas.org\/index.php\/wp-json\/wp\/v2\/comments?post=229"}],"version-history":[{"count":36,"href":"https:\/\/milvocesvioletas.org\/index.php\/wp-json\/wp\/v2\/pages\/229\/revisions"}],"predecessor-version":[{"id":1240,"href":"https:\/\/milvocesvioletas.org\/index.php\/wp-json\/wp\/v2\/pages\/229\/revisions\/1240"}],"wp:attachment":[{"href":"https:\/\/milvocesvioletas.org\/index.php\/wp-json\/wp\/v2\/media?parent=229"}],"curies":[{"name":"wp","href":"https:\/\/api.w.org\/{rel}","templated":true}]}}