{"id":1211,"date":"2022-08-31T21:30:25","date_gmt":"2022-08-31T19:30:25","guid":{"rendered":"https:\/\/milvocesvioletas.org\/?page_id=1211"},"modified":"2024-07-07T23:07:25","modified_gmt":"2024-07-07T21:07:25","slug":"2022-2","status":"publish","type":"page","link":"https:\/\/milvocesvioletas.org\/index.php\/formacion\/feminismo-para-dummies-3\/2022-2\/","title":{"rendered":"2022"},"content":{"rendered":"<h2>\u00a1Comenzamos nuevo a\u00f1o en nuestro <span style=\"color: #800080;\"><strong>Feminismo para Dummies<\/strong><\/span>!<\/h2>\n<p>&nbsp;<\/p>\n<p>Nuestro primer taller viene de la mano de Paula Mar\u00edn (@paulamarinpsicologia): psic\u00f3loga, escritora, formadora y divulgadora, con el taller\u00a0<em><strong>Aprendiendo a Cuidarme.<\/strong><\/em> Un taller en el que hablaremos de la importancia del autocuidado para disfrutar de una salud emocional plena.<\/p>\n<p><a href=\"https:\/\/www.milvocesvioletas.org\/?attachment_id=1212\"><img loading=\"lazy\" decoding=\"async\" class=\"alignright wp-image-1212\" src=\"http:\/\/www.milvocesvioletas.org\/wp-content\/uploads\/2022\/08\/Aprendiendo-a-conocernos-300x300.jpeg\" alt=\"Aprendiendo a cuidarme\" width=\"262\" height=\"262\" srcset=\"https:\/\/milvocesvioletas.org\/wp-content\/uploads\/2022\/08\/Aprendiendo-a-conocernos-300x300.jpeg 300w, https:\/\/milvocesvioletas.org\/wp-content\/uploads\/2022\/08\/Aprendiendo-a-conocernos-1024x1024.jpeg 1024w, https:\/\/milvocesvioletas.org\/wp-content\/uploads\/2022\/08\/Aprendiendo-a-conocernos-150x150.jpeg 150w, https:\/\/milvocesvioletas.org\/wp-content\/uploads\/2022\/08\/Aprendiendo-a-conocernos-768x768.jpeg 768w, https:\/\/milvocesvioletas.org\/wp-content\/uploads\/2022\/08\/Aprendiendo-a-conocernos-600x600.jpeg 600w, https:\/\/milvocesvioletas.org\/wp-content\/uploads\/2022\/08\/Aprendiendo-a-conocernos-100x100.jpeg 100w, https:\/\/milvocesvioletas.org\/wp-content\/uploads\/2022\/08\/Aprendiendo-a-conocernos.jpeg 1080w\" sizes=\"(max-width: 262px) 100vw, 262px\" \/><\/a><\/p>\n<p>Lo realizaremos el d\u00eda s\u00e1bado 17 de septiembre de manera presencial en Conseyu de Moced\u00e1 de Xix\u00f3n (Avenida Manuel Llaneza n\u00ba 68, bajo, Gij\u00f3n) de 10:00 a 13:30 horas. Para inscribiros pinchar en el siguiente enlace:<\/p>\n<p><span style=\"color: #800080;\"><em><strong><a style=\"color: #800080;\" href=\"https:\/\/forms.gle\/76ZBdwGtZVXaU1qK9\">Inscripciones<\/a><\/strong><\/em><\/span><\/p>\n<p>Se nos enviar\u00e1 un mail al correo que nos proporcion\u00e9is en el formulario para recordaros la formaci\u00f3n, el lugar y la hora. Para m\u00e1s informaci\u00f3n, pod\u00e9is contactarnos a trav\u00e9s de nuestras Redes sociales o a trav\u00e9s del siguiente correo:<\/p>\n<p><span style=\"color: #800080;\"><em><strong><a style=\"color: #800080;\" href=\"mailto:coordinacion@milvocesvioletas.org\">coordinacion@milvocesvioletas.org<\/a><\/strong><\/em><\/span><\/p>\n","protected":false},"excerpt":{"rendered":"<p>\u00a1Comenzamos nuevo a\u00f1o en nuestro Feminismo para Dummies! &nbsp; Nuestro primer taller viene de la mano de Paula Mar\u00edn (@paulamarinpsicologia): psic\u00f3loga, escritora, formadora y divulgadora, con el taller\u00a0Aprendiendo a Cuidarme. Un taller en el que hablaremos de la importancia del autocuidado para disfrutar de una salud emocional plena. Lo realizaremos el d\u00eda s\u00e1bado 17 de<\/p>\n","protected":false},"author":1,"featured_media":0,"parent":714,"menu_order":0,"comment_status":"closed","ping_status":"closed","template":"fullwidth.php","meta":{"footnotes":""},"_links":{"self":[{"href":"https:\/\/milvocesvioletas.org\/index.php\/wp-json\/wp\/v2\/pages\/1211"}],"collection":[{"href":"https:\/\/milvocesvioletas.org\/index.php\/wp-json\/wp\/v2\/pages"}],"about":[{"href":"https:\/\/milvocesvioletas.org\/index.php\/wp-json\/wp\/v2\/types\/page"}],"author":[{"embeddable":true,"href":"https:\/\/milvocesvioletas.org\/index.php\/wp-json\/wp\/v2\/users\/1"}],"replies":[{"embeddable":true,"href":"https:\/\/milvocesvioletas.org\/index.php\/wp-json\/wp\/v2\/comments?post=1211"}],"version-history":[{"count":8,"href":"https:\/\/milvocesvioletas.org\/index.php\/wp-json\/wp\/v2\/pages\/1211\/revisions"}],"predecessor-version":[{"id":1249,"href":"https:\/\/milvocesvioletas.org\/index.php\/wp-json\/wp\/v2\/pages\/1211\/revisions\/1249"}],"up":[{"embeddable":true,"href":"https:\/\/milvocesvioletas.org\/index.php\/wp-json\/wp\/v2\/pages\/714"}],"wp:attachment":[{"href":"https:\/\/milvocesvioletas.org\/index.php\/wp-json\/wp\/v2\/media?parent=1211"}],"curies":[{"name":"wp","href":"https:\/\/api.w.org\/{rel}","templated":true}]}}